{"id":4440,"date":"2021-06-17T15:48:40","date_gmt":"2021-06-17T13:48:40","guid":{"rendered":"https:\/\/www.wowescooter.com\/contacts-b2b\/"},"modified":"2023-05-30T12:15:51","modified_gmt":"2023-05-30T10:15:51","slug":"contacts-b2b","status":"publish","type":"page","link":"https:\/\/www.wowescooter.com\/fr\/contacts-b2b\/","title":{"rendered":"Contacts B2B"},"content":{"rendered":"<div class=\"fusion-fullwidth fullwidth-box fusion-builder-row-1 fusion-flex-container nonhundred-percent-fullwidth non-hundred-percent-height-scrolling\" style=\"--awb-border-radius-top-left:0px;--awb-border-radius-top-right:0px;--awb-border-radius-bottom-right:0px;--awb-border-radius-bottom-left:0px;--awb-padding-bottom-medium:80px;--awb-background-image:linear-gradient(150deg, #009fe3 0%,#242c5b 100%);--awb-filter:brightness(100%);--awb-filter-transition:filter 0.3s ease;--awb-filter-hover:brightness(110%);\" ><div class=\"fusion-builder-row fusion-row fusion-flex-align-items-flex-start\" style=\"max-width:calc( 1325px + 0px );margin-left: calc(-0px \/ 2 );margin-right: calc(-0px \/ 2 );\"><div class=\"fusion-layout-column fusion_builder_column fusion-builder-column-0 fusion_builder_column_1_2 1_2 fusion-flex-column fusion-animated\" style=\"--awb-padding-right:10%;--awb-padding-left:10%;--awb-bg-size:cover;--awb-width-large:50%;--awb-margin-top-large:0px;--awb-spacing-right-large:0px;--awb-margin-bottom-large:0px;--awb-spacing-left-large:0px;--awb-width-medium:100%;--awb-order-medium:0;--awb-spacing-right-medium:0px;--awb-spacing-left-medium:0px;--awb-width-small:100%;--awb-order-small:0;--awb-spacing-right-small:0px;--awb-spacing-left-small:0px;\" data-animationType=\"fadeInUp\" data-animationDuration=\"1.0\" data-animationOffset=\"top-into-view\"><div class=\"fusion-column-wrapper fusion-column-has-shadow fusion-flex-justify-content-flex-start fusion-content-layout-column\"><div class=\"fusion-title title fusion-title-1 fusion-sep-none fusion-title-text fusion-title-size-three\" style=\"--awb-text-color:#ffffff;--awb-font-size:40px;\"><h3 class=\"title-heading-left fusion-responsive-typography-calculated\" style=\"margin:0;font-size:1em;--fontSize:40;line-height:1.36;\">\u00cates-vous un professionnel du secteur?<\/h3><\/div><div class=\"fusion-text fusion-text-1\" style=\"--awb-text-color:#ffffff;\"><p style=\"text-align: left;\">Contactez-nous pour plus de renseignements et conna\u00eetre les options de personnalisation pour votre flotte.<\/p>\n<\/div><\/div><\/div><div class=\"fusion-layout-column fusion_builder_column fusion-builder-column-1 fusion_builder_column_1_2 1_2 fusion-flex-column fusion-animated\" style=\"--awb-padding-right:10%;--awb-padding-left:10%;--awb-bg-size:cover;--awb-width-large:50%;--awb-margin-top-large:0px;--awb-spacing-right-large:0px;--awb-margin-bottom-large:0px;--awb-spacing-left-large:0px;--awb-width-medium:100%;--awb-order-medium:0;--awb-spacing-right-medium:0px;--awb-spacing-left-medium:0px;--awb-width-small:100%;--awb-order-small:0;--awb-spacing-right-small:0px;--awb-spacing-left-small:0px;\" data-animationType=\"fadeInUp\" data-animationDuration=\"1.0\" data-animationOffset=\"top-into-view\"><div class=\"fusion-column-wrapper fusion-column-has-shadow fusion-flex-justify-content-flex-start fusion-content-layout-column\"><div class=\"fusion-form fusion-form-builder fusion-form-form-wrapper fusion-form-8120\" style=\"--awb-tooltip-text-color:#ffffff;--awb-tooltip-background-color:#333333;--awb-form-label-color:#ffffff;\" data-form-id=\"8120\" data-config=\"{&quot;form_id&quot;:8120,&quot;form_post_id&quot;:8120,&quot;post_id&quot;:4440,&quot;form_type&quot;:&quot;ajax&quot;,&quot;confirmation_type&quot;:&quot;message&quot;,&quot;redirect_url&quot;:&quot;&quot;,&quot;field_labels&quot;:{&quot;nazione&quot;:&quot;Pays&quot;,&quot;ragione-sociale&quot;:&quot;Nom de l&#039;entreprise&quot;,&quot;referente&quot;:&quot;Nom&quot;,&quot;email_address&quot;:&quot;E-mail&quot;,&quot;web&quot;:&quot;Site Internet&quot;,&quot;message&quot;:&quot;Message&quot;,&quot;privacy&quot;:&quot;&quot;},&quot;field_logics&quot;:{&quot;nazione&quot;:&quot;&quot;,&quot;ragione-sociale&quot;:&quot;&quot;,&quot;referente&quot;:&quot;&quot;,&quot;email_address&quot;:&quot;&quot;,&quot;web&quot;:&quot;&quot;,&quot;message&quot;:&quot;&quot;,&quot;notice_1&quot;:&quot;&quot;,&quot;privacy&quot;:&quot;&quot;},&quot;field_types&quot;:{&quot;nazione&quot;:&quot;text&quot;,&quot;ragione-sociale&quot;:&quot;text&quot;,&quot;referente&quot;:&quot;text&quot;,&quot;email_address&quot;:&quot;email&quot;,&quot;web&quot;:&quot;text&quot;,&quot;message&quot;:&quot;textarea&quot;,&quot;notice_1&quot;:&quot;notice&quot;,&quot;privacy&quot;:&quot;checkbox&quot;,&quot;submit_1&quot;:&quot;submit&quot;,&quot;recaptcha_1&quot;:&quot;recaptcha&quot;},&quot;nonce_method&quot;:&quot;ajax&quot;}\"><form action=\"https:\/\/www.wowescooter.com\/fr\/contacts-b2b\/\" method=\"post\" class=\"fusion-form fusion-form-8120\"><div class=\"fusion-fullwidth fullwidth-box fusion-builder-row-1-1 fusion-flex-container nonhundred-percent-fullwidth non-hundred-percent-height-scrolling\" style=\"--awb-border-radius-top-left:0px;--awb-border-radius-top-right:0px;--awb-border-radius-bottom-right:0px;--awb-border-radius-bottom-left:0px;--awb-padding-top:0px;--awb-padding-right:0px;--awb-padding-bottom:0px;--awb-padding-left:0px;--awb-margin-top:0px;--awb-margin-bottom:0px;\" ><div class=\"fusion-builder-row fusion-row fusion-flex-align-items-flex-start\" style=\"width:103% !important;max-width:103% !important;margin-left: calc(-3% \/ 2 );margin-right: calc(-3% \/ 2 );\"><div class=\"fusion-layout-column fusion_builder_column fusion-builder-column-2 fusion_builder_column_1_1 1_1 fusion-flex-column\" style=\"--awb-bg-size:cover;--awb-width-large:100%;--awb-margin-top-large:0px;--awb-spacing-right-large:1.455%;--awb-margin-bottom-large:0px;--awb-spacing-left-large:1.455%;--awb-width-medium:100%;--awb-order-medium:0;--awb-spacing-right-medium:1.455%;--awb-spacing-left-medium:1.455%;--awb-width-small:100%;--awb-order-small:0;--awb-spacing-right-small:1.455%;--awb-spacing-left-small:1.455%;\"><div class=\"fusion-column-wrapper fusion-column-has-shadow fusion-flex-justify-content-flex-start fusion-content-layout-column\"><div class=\"fusion-form-field fusion-form-text-field fusion-form-label-above\" style=\"\" data-form-id=\"8120\"><div class=\"fusion-form-label-wrapper\"><label for=\"nazione\">Pays <abbr class=\"fusion-form-element-required\" title=\"required\">*<\/abbr><\/label><\/div><input type=\"text\" name=\"nazione\" id=\"nazione\" value=\"\"  class=\"fusion-form-input\" required=\"true\" aria-required=\"true\" data-holds-private-data=\"false\" minlength=\"0\"\/><\/div><div class=\"fusion-form-field fusion-form-text-field fusion-form-label-above\" style=\"\" data-form-id=\"8120\"><div class=\"fusion-form-label-wrapper\"><label for=\"ragione-sociale\">Nom de l&#039;entreprise <abbr class=\"fusion-form-element-required\" title=\"required\">*<\/abbr><\/label><\/div><input type=\"text\" name=\"ragione-sociale\" id=\"ragione-sociale\" value=\"\"  class=\"fusion-form-input\" required=\"true\" aria-required=\"true\" data-holds-private-data=\"false\" minlength=\"0\"\/><\/div><div class=\"fusion-form-field fusion-form-text-field fusion-form-label-above\" style=\"\" data-form-id=\"8120\"><div class=\"fusion-form-label-wrapper\"><label for=\"referente\">Nom <abbr class=\"fusion-form-element-required\" title=\"required\">*<\/abbr><\/label><\/div><input type=\"text\" name=\"referente\" id=\"referente\" value=\"\"  class=\"fusion-form-input\" required=\"true\" aria-required=\"true\" data-holds-private-data=\"false\" minlength=\"0\"\/><\/div><div class=\"fusion-form-field fusion-form-email-field fusion-form-label-above\" style=\"\" data-form-id=\"8120\"><div class=\"fusion-form-label-wrapper\"><label for=\"email_address\">E-mail <abbr class=\"fusion-form-element-required\" title=\"required\">*<\/abbr><\/label><\/div><input type=\"email\" name=\"email_address\" id=\"email_address\" value=\"\"  class=\"fusion-form-input\" required=\"true\" aria-required=\"true\" data-holds-private-data=\"false\"\/><\/div><div class=\"fusion-form-field fusion-form-text-field fusion-form-label-above\" style=\"\" data-form-id=\"8120\"><div class=\"fusion-form-label-wrapper\"><label for=\"web\">Site Internet <abbr class=\"fusion-form-element-required\" title=\"required\">*<\/abbr><\/label><\/div><input type=\"text\" name=\"web\" id=\"web\" value=\"\"  class=\"fusion-form-input\" required=\"true\" aria-required=\"true\" data-holds-private-data=\"false\" minlength=\"0\"\/><\/div><div class=\"fusion-form-field fusion-form-textarea-field fusion-form-label-above\" style=\"\" data-form-id=\"8120\"><label for=\"message\">Message <abbr class=\"fusion-form-element-required\" title=\"required\">*<\/abbr><\/label><textarea cols=\"40\"  minlength=\"0\"  rows=\"4\" tabindex=\"\" id=\"message\" name=\"message\" class=\"fusion-form-input\" required=\"true\" aria-required=\"true\" data-holds-private-data=\"false\"><\/textarea><\/div><div class=\"form-submission-notices data-notice_1\" id=\"fusion-notices-1\"><div class=\"fusion-alert alert success alert-success fusion-alert-center fusion-form-response fusion-form-response-success fusion-alert-capitalize alert-dismissable\" role=\"alert\"><div class=\"fusion-alert-content-wrapper\"><span class=\"alert-icon\"><i class=\"awb-icon-check-circle\" aria-hidden=\"true\"><\/i><\/span><span class=\"fusion-alert-content\">Merci d'avoir envoy\u00e9 le message. Nous vous r\u00e9pondrons d\u00e8s que possible.<\/span><\/div><button type=\"button\" class=\"close toggle-alert\" data-dismiss=\"alert\" aria-label=\"Close\">&times;<\/button><\/div><div class=\"fusion-alert alert error alert-danger fusion-alert-center fusion-form-response fusion-form-response-error fusion-alert-capitalize alert-dismissable\" role=\"alert\"><div class=\"fusion-alert-content-wrapper\"><span class=\"alert-icon\"><i class=\"awb-icon-exclamation-triangle\" aria-hidden=\"true\"><\/i><\/span><span class=\"fusion-alert-content\">Une erreur s'est produite lors de l'envoi du message. Essayer plus tard.<\/span><\/div><button type=\"button\" class=\"close toggle-alert\" data-dismiss=\"alert\" aria-label=\"Close\">&times;<\/button><\/div><\/div><div class=\"fusion-form-field fusion-form-checkbox-field fusion-form-label-above\" style=\"\" data-form-id=\"8120\"><fieldset><div class=\"fusion-form-checkbox\"><input tabindex=\"\" id=\"checkbox-privacy-1-0\" type=\"checkbox\" value=\"J'accepte le traitement de mes donn\u00e9es personnelles et je d\u00e9clare avoir lu la politique de confidentialit\u00e9\" name=\"privacy[]\" class=\"fusion-form-input\" required=\"true\" aria-required=\"true\" checked  data-holds-private-data=\"false\"\/><label for=\"checkbox-privacy-1-0\">J'accepte le traitement de mes donn\u00e9es personnelles et je d\u00e9clare avoir lu la politique de confidentialit\u00e9<\/label><\/div><\/fieldset><\/div><div class=\"fusion-form-field fusion-form-submit-field fusion-form-label-above\" style=\"\" data-form-id=\"8120\"><div ><button type=\"submit\" class=\"fusion-button button-flat button-xlarge button-custom fusion-button-default button-1 fusion-button-default-span  form-form-submit button-default fusion-has-button-gradient\" style=\"--button_accent_color:#ffffff;--button_accent_hover_color:#ffffff;--button_border_hover_color:#ffffff;--button_gradient_top_color:#242c5b;--button_gradient_bottom_color:#000000;--button_gradient_top_color_hover:#009fe3;--button_gradient_bottom_color_hover:#242c5b;\" data-form-number=\"8120\" tabindex=\"\"><span class=\"fusion-button-text\">Soumettre<\/span><\/button><\/div><\/div><div class=\"fusion-form-field fusion-form-recaptcha-field fusion-form-label-above\" style=\"\" data-form-id=\"8120\">\t\t\t\t\t\t\t\t\t<div class=\"form-creator-recaptcha\" >\n\t\t\t\t\t\t\t\t\t\t\t\t\t\t\t\t\t\t\t\t<div\n\t\t\t\t\t\t\t\tid=\"g-recaptcha-1\"\n\t\t\t\t\t\t\t\tclass=\"fusion-form-recaptcha-v3 recaptcha-container  fusion-form-hide-recaptcha-badge\"\n\t\t\t\t\t\t\t\tdata-sitekey=\"6LeFUR4bAAAAAFJat7E7KZQgrq7FdAioYvok5QFd\"\n\t\t\t\t\t\t\t\tdata-badge=\"hide\">\n\t\t\t\t\t\t\t<\/div>\n\t\t\t\t\t\t\t<input\n\t\t\t\t\t\t\t\ttype=\"hidden\"\n\t\t\t\t\t\t\t\tname=\"fusion-form-recaptcha-response\"\n\t\t\t\t\t\t\t\tclass=\"g-recaptcha-response\"\n\t\t\t\t\t\t\t\tid=\"fusion-form-recaptcha-response-1\"\n\t\t\t\t\t\t\t\tvalue=\"\">\n\t\t\t\t\t\t\t\t\t\t\t<\/div>\n\t\t\t\t\t\t\t\t<\/div><\/div><\/div><\/div><\/div><input type=\"hidden\" name=\"fusion_privacy_store_ip_ua\" value=\"false\"><input type=\"hidden\" name=\"fusion_privacy_expiration_interval\" value=\"48\"><input type=\"hidden\" name=\"privacy_expiration_action\" value=\"anonymize\"><\/form><\/div><\/div><\/div><\/div><\/div>\n","protected":false},"excerpt":{"rendered":"","protected":false},"author":1,"featured_media":0,"parent":0,"menu_order":0,"comment_status":"closed","ping_status":"closed","template":"100-width.php","meta":{"_monsterinsights_skip_tracking":false,"_monsterinsights_sitenote_active":false,"_monsterinsights_sitenote_note":"","_monsterinsights_sitenote_category":0,"footnotes":"","_links_to":"","_links_to_target":""},"class_list":["post-4440","page","type-page","status-publish","hentry"],"_links":{"self":[{"href":"https:\/\/www.wowescooter.com\/fr\/wp-json\/wp\/v2\/pages\/4440","targetHints":{"allow":["GET"]}}],"collection":[{"href":"https:\/\/www.wowescooter.com\/fr\/wp-json\/wp\/v2\/pages"}],"about":[{"href":"https:\/\/www.wowescooter.com\/fr\/wp-json\/wp\/v2\/types\/page"}],"author":[{"embeddable":true,"href":"https:\/\/www.wowescooter.com\/fr\/wp-json\/wp\/v2\/users\/1"}],"replies":[{"embeddable":true,"href":"https:\/\/www.wowescooter.com\/fr\/wp-json\/wp\/v2\/comments?post=4440"}],"version-history":[{"count":15,"href":"https:\/\/www.wowescooter.com\/fr\/wp-json\/wp\/v2\/pages\/4440\/revisions"}],"predecessor-version":[{"id":8159,"href":"https:\/\/www.wowescooter.com\/fr\/wp-json\/wp\/v2\/pages\/4440\/revisions\/8159"}],"wp:attachment":[{"href":"https:\/\/www.wowescooter.com\/fr\/wp-json\/wp\/v2\/media?parent=4440"}],"curies":[{"name":"wp","href":"https:\/\/api.w.org\/{rel}","templated":true}]}}